
{"id":2,"date":"2009-10-08T20:22:32","date_gmt":"2009-10-08T23:22:32","guid":{"rendered":"http:\/\/www.politicosdosuldabahia.com.br\/v1\/?page_id=2"},"modified":"2009-12-09T14:52:38","modified_gmt":"2009-12-09T17:52:38","slug":"o-blog","status":"publish","type":"page","link":"https:\/\/www.politicosdosuldabahia.com.br\/v1\/o-blog\/","title":{"rendered":"Sobre o Blog"},"content":{"rendered":"<h3 style=\"text-align: justify;\"><span style=\"color: #000000;\">O \u201cPol\u00edticos do Sul da Bahia \u201c \u00e9 um Blog jornal\u00edstico tendo como t\u00f4nica a pol\u00edtica Baiana, em especial a do sul e sudoeste da Bahia.<br \/>\n<span style=\"color: #ffffff;\">.<\/span><br \/>\nNesse contexto, tem por objetivo informar, opinar e propor discuss\u00f5es sobre temas pol\u00edticos inerentes a nossa popula\u00e7\u00e3o.<\/span><\/h3>\n","protected":false},"excerpt":{"rendered":"<p>O \u201cPol\u00edticos do Sul da Bahia \u201c \u00e9 um Blog jornal\u00edstico tendo como t\u00f4nica a pol\u00edtica Baiana, em especial a do sul e sudoeste da Bahia. . Nesse contexto, tem por objetivo informar, opinar e propor discuss\u00f5es sobre temas pol\u00edticos inerentes a nossa popula\u00e7\u00e3o.<\/p>\n","protected":false},"author":1,"featured_media":0,"parent":0,"menu_order":0,"comment_status":"open","ping_status":"open","template":"","meta":{"footnotes":"","_links_to":"","_links_to_target":""},"class_list":["post-2","page","type-page","status-publish","hentry"],"_links":{"self":[{"href":"https:\/\/www.politicosdosuldabahia.com.br\/v1\/wp-json\/wp\/v2\/pages\/2"}],"collection":[{"href":"https:\/\/www.politicosdosuldabahia.com.br\/v1\/wp-json\/wp\/v2\/pages"}],"about":[{"href":"https:\/\/www.politicosdosuldabahia.com.br\/v1\/wp-json\/wp\/v2\/types\/page"}],"author":[{"embeddable":true,"href":"https:\/\/www.politicosdosuldabahia.com.br\/v1\/wp-json\/wp\/v2\/users\/1"}],"replies":[{"embeddable":true,"href":"https:\/\/www.politicosdosuldabahia.com.br\/v1\/wp-json\/wp\/v2\/comments?post=2"}],"version-history":[{"count":3,"href":"https:\/\/www.politicosdosuldabahia.com.br\/v1\/wp-json\/wp\/v2\/pages\/2\/revisions"}],"predecessor-version":[{"id":1962,"href":"https:\/\/www.politicosdosuldabahia.com.br\/v1\/wp-json\/wp\/v2\/pages\/2\/revisions\/1962"}],"wp:attachment":[{"href":"https:\/\/www.politicosdosuldabahia.com.br\/v1\/wp-json\/wp\/v2\/media?parent=2"}],"curies":[{"name":"wp","href":"https:\/\/api.w.org\/{rel}","templated":true}]}}